{"id":1537,"date":"2025-08-25T05:36:52","date_gmt":"2025-08-25T04:36:52","guid":{"rendered":"https:\/\/ov-x10.de\/?page_id=1537"},"modified":"2025-08-25T05:42:13","modified_gmt":"2025-08-25T04:42:13","slug":"impressum","status":"publish","type":"page","link":"https:\/\/ov-x10.de\/?page_id=1537","title":{"rendered":"Impressum"},"content":{"rendered":"\n<h3 class=\"wp-block-heading\"><strong>Angaben gem\u00e4\u00df \u00a7 5 TMG<\/strong><\/h3>\n\n\n\n<p>Deutscher Amateur-Radio-Club e.V. (DARC e.V.)<br>Ortsverband Arnstadt \u2013 DOK X10<\/p>\n\n\n\n<h4 class=\"wp-block-heading\"><strong>Vertreten durch den Vorstand:<\/strong><\/h4>\n\n\n\n<p>DARC e.V.<br>Lindenallee 6<br>34225 Baunatal<\/p>\n\n\n\n<p>Telefon: +49 (0) 561 94988-0<br>Fax: +49 (0) 561 94988-50<br>E-Mail: <a>darc@darc.de<\/a><\/p>\n\n\n\n<h4 class=\"wp-block-heading\"><strong>Registereintrag:<\/strong><\/h4>\n\n\n\n<p>Eingetragen im Vereinsregister<br>Registergericht: Amtsgericht Kassel<br>Registernummer: VR 998<\/p>\n\n\n\n<h4 class=\"wp-block-heading\">Ansprechpartner vor Ort<\/h4>\n\n\n\n<p>Ortsverband Arnstadt \u2013 DOK X10<br>Ansprechpartner: Marc Pauls, DJ7AQ<br>E-Mail: <a href=\"mailto:webmaster@ov-x10.de\">webmaster@ov-x10.de<\/a><\/p>\n\n\n\n<h4 class=\"wp-block-heading\">Verantwortlich f\u00fcr den Inhalt nach \u00a7 55 Abs. 2 RStV<\/h4>\n\n\n\n<p>Marc Pauls<br>E-Mail: <a href=\"mailto:webmaster@ov-x10.de\">webmaster@ov-x10.de<\/a><\/p>\n\n\n\n<h3 class=\"wp-block-heading\">Haftungsausschluss<\/h3>\n\n\n\n<h4 class=\"wp-block-heading\"><strong>Haftung f\u00fcr Inhalte<\/strong><\/h4>\n\n\n\n<p>Die Inhalte unserer Seiten wurden mit gr\u00f6\u00dfter Sorgfalt erstellt. F\u00fcr die Richtigkeit, Vollst\u00e4ndigkeit und Aktualit\u00e4t der Inhalte k\u00f6nnen wir jedoch keine Gew\u00e4hr \u00fcbernehmen.<\/p>\n\n\n\n<h4 class=\"wp-block-heading\"><strong>Haftung f\u00fcr Links<\/strong><\/h4>\n\n\n\n<p>Unser Angebot enth\u00e4lt Links zu externen Websites Dritter, auf deren Inhalte wir keinen Einfluss haben. Deshalb k\u00f6nnen wir f\u00fcr diese fremden Inhalte auch keine Gew\u00e4hr \u00fcbernehmen. F\u00fcr die Inhalte der verlinkten Seiten ist stets der jeweilige Anbieter oder Betreiber der Seiten verantwortlich.<\/p>\n\n\n\n<h4 class=\"wp-block-heading\"><strong>Urheberrecht<\/strong><\/h4>\n\n\n\n<p>Die durch die Seitenbetreiber erstellten Inhalte und Werke auf diesen Seiten unterliegen dem deutschen Urheberrecht. Beitr\u00e4ge Dritter sind als solche gekennzeichnet. Die Vervielf\u00e4ltigung, Bearbeitung, Verbreitung und jede Art der Verwertung au\u00dferhalb der Grenzen des Urheberrechtes bed\u00fcrfen der schriftlichen Zustimmung des jeweiligen Autors bzw. Erstellers.<\/p>\n","protected":false},"excerpt":{"rendered":"<p>Angaben gem\u00e4\u00df \u00a7 5 TMG Deutscher Amateur-Radio-Club e.V. (DARC e.V.)Ortsverband Arnstadt \u2013 DOK X10 Vertreten durch den Vorstand: DARC e.V.Lindenallee 634225 Baunatal Telefon: +49 (0) 561 94988-0Fax: +49 (0) 561 94988-50E-Mail: darc@darc.de Registereintrag: Eingetragen im VereinsregisterRegistergericht: Amtsgericht KasselRegisternummer: VR 998 &hellip; <a href=\"https:\/\/ov-x10.de\/?page_id=1537\">Weiter<\/a><\/p>\n","protected":false},"author":480843,"featured_media":0,"parent":0,"menu_order":0,"comment_status":"closed","ping_status":"closed","template":"","meta":{"kt_blocks_editor_width":"","footnotes":""},"class_list":["post-1537","page","type-page","status-publish","hentry"],"_links":{"self":[{"href":"https:\/\/ov-x10.de\/index.php?rest_route=\/wp\/v2\/pages\/1537","targetHints":{"allow":["GET"]}}],"collection":[{"href":"https:\/\/ov-x10.de\/index.php?rest_route=\/wp\/v2\/pages"}],"about":[{"href":"https:\/\/ov-x10.de\/index.php?rest_route=\/wp\/v2\/types\/page"}],"author":[{"embeddable":true,"href":"https:\/\/ov-x10.de\/index.php?rest_route=\/wp\/v2\/users\/480843"}],"replies":[{"embeddable":true,"href":"https:\/\/ov-x10.de\/index.php?rest_route=%2Fwp%2Fv2%2Fcomments&post=1537"}],"version-history":[{"count":4,"href":"https:\/\/ov-x10.de\/index.php?rest_route=\/wp\/v2\/pages\/1537\/revisions"}],"predecessor-version":[{"id":1542,"href":"https:\/\/ov-x10.de\/index.php?rest_route=\/wp\/v2\/pages\/1537\/revisions\/1542"}],"wp:attachment":[{"href":"https:\/\/ov-x10.de\/index.php?rest_route=%2Fwp%2Fv2%2Fmedia&parent=1537"}],"curies":[{"name":"wp","href":"https:\/\/api.w.org\/{rel}","templated":true}]}}